{"id":462,"date":"2025-02-10T03:51:17","date_gmt":"2025-02-10T03:51:17","guid":{"rendered":"https:\/\/casamuuk.com\/product\/botella-arte-huichol-edicion-especial-38\/"},"modified":"2025-02-10T03:51:17","modified_gmt":"2025-02-10T03:51:17","slug":"botella-arte-huichol-edicion-especial-38","status":"publish","type":"product","link":"https:\/\/casamuuk.com\/en\/product\/botella-arte-huichol-edicion-especial-38\/","title":{"rendered":"Botella Arte Huichol Edici\u00f3n Especial 38"},"content":{"rendered":"<p>Botella \u00fanica con dise\u00f1o huichol, numerada y de edici\u00f3n especial.<\/p>","protected":false},"excerpt":{"rendered":"<p>Edici\u00f3n especial de botella con arte huichol.<\/p>","protected":false},"featured_media":408,"comment_status":"closed","ping_status":"closed","template":"","meta":{"jetpack_post_was_ever_published":false},"product_cat":[25],"product_tag":[],"class_list":{"0":"post-462","1":"product","2":"type-product","3":"status-publish","4":"has-post-thumbnail","6":"product_cat-arte-huichol-muuk","8":"first","9":"instock","10":"shipping-taxable","11":"purchasable","12":"product-type-simple"},"jetpack_sharing_enabled":true,"jetpack-related-posts":[],"_links":{"self":[{"href":"https:\/\/casamuuk.com\/en\/wp-json\/wp\/v2\/product\/462"}],"collection":[{"href":"https:\/\/casamuuk.com\/en\/wp-json\/wp\/v2\/product"}],"about":[{"href":"https:\/\/casamuuk.com\/en\/wp-json\/wp\/v2\/types\/product"}],"replies":[{"embeddable":true,"href":"https:\/\/casamuuk.com\/en\/wp-json\/wp\/v2\/comments?post=462"}],"wp:featuredmedia":[{"embeddable":true,"href":"https:\/\/casamuuk.com\/en\/wp-json\/wp\/v2\/media\/408"}],"wp:attachment":[{"href":"https:\/\/casamuuk.com\/en\/wp-json\/wp\/v2\/media?parent=462"}],"wp:term":[{"taxonomy":"product_cat","embeddable":true,"href":"https:\/\/casamuuk.com\/en\/wp-json\/wp\/v2\/product_cat?post=462"},{"taxonomy":"product_tag","embeddable":true,"href":"https:\/\/casamuuk.com\/en\/wp-json\/wp\/v2\/product_tag?post=462"}],"curies":[{"name":"wp","href":"https:\/\/api.w.org\/{rel}","templated":true}]}}