{"id":173,"date":"2024-10-22T03:41:38","date_gmt":"2024-10-22T03:41:38","guid":{"rendered":"https:\/\/casamuuk.com\/?post_type=product&#038;p=173"},"modified":"2024-10-22T03:41:38","modified_gmt":"2024-10-22T03:41:38","slug":"tobala-silvestre-luchador-en-botella-de-cristal-mezcal-ensamble","status":"publish","type":"product","link":"https:\/\/casamuuk.com\/en\/product\/tobala-silvestre-luchador-en-botella-de-cristal-mezcal-ensamble\/","title":{"rendered":"Tobal\u00e1 Silvestre &#8211; Luchador en Botella de Cristal Mezcal Ensamble"},"content":{"rendered":"<p>El <strong>Tobal\u00e1 Silvestre<\/strong> es una obra maestra visual y sensorial. Esta exclusiva botella alberga un impresionante luchador de cristal ensamblado en su interior, lo que convierte cada pieza en una verdadera joya de colecci\u00f3n. En su interior, se encuentra un <strong>Mezcal Ensamble<\/strong> de alta calidad, elaborado con una mezcla de agaves silvestres y doblemente destilado para lograr un sabor profundo y equilibrado.<\/p>\n<p>Cada botella no solo es un homenaje a la destreza artesanal, sino tambi\u00e9n a la tradici\u00f3n del mezcal, brindando una experiencia \u00fanica tanto por dentro como por fuera.<\/p>\n<p><strong>Caracter\u00edsticas:<\/strong><\/p>\n<ul>\n<li><strong>Mezcal Ensamble<\/strong>: Una mezcla equilibrada de agaves silvestres, doble destilado para un sabor puro.<\/li>\n<li><strong>Luchador ensamblado en cristal<\/strong>: Un luchador de cristal dentro de la botella que a\u00f1ade un toque art\u00edstico y de colecci\u00f3n.<\/li>\n<li><strong>Contenido Neto<\/strong>: 750 ml.<\/li>\n<li>Ideal para quienes buscan un mezcal premium y una pieza \u00fanica para exhibir.<\/li>\n<\/ul>","protected":false},"excerpt":{"rendered":"<p>Esta botella \u00fanica contiene un <strong>Mezcal Ensamble<\/strong> de agaves silvestres, doble destilado, con un luchador de cristal ensamblado en su interior. Con un contenido neto de 750 ml, es tanto una obra de arte como un mezcal de calidad premium, ideal para coleccionistas.<\/p>","protected":false},"featured_media":124,"comment_status":"open","ping_status":"closed","template":"","meta":{"jetpack_post_was_ever_published":false},"product_cat":[22],"product_tag":[],"class_list":{"0":"post-173","1":"product","2":"type-product","3":"status-publish","4":"has-post-thumbnail","6":"product_cat-mezcal-casa-muuk","8":"first","9":"instock","10":"sale","11":"shipping-taxable","12":"purchasable","13":"product-type-simple"},"jetpack_sharing_enabled":true,"jetpack-related-posts":[],"_links":{"self":[{"href":"https:\/\/casamuuk.com\/en\/wp-json\/wp\/v2\/product\/173"}],"collection":[{"href":"https:\/\/casamuuk.com\/en\/wp-json\/wp\/v2\/product"}],"about":[{"href":"https:\/\/casamuuk.com\/en\/wp-json\/wp\/v2\/types\/product"}],"replies":[{"embeddable":true,"href":"https:\/\/casamuuk.com\/en\/wp-json\/wp\/v2\/comments?post=173"}],"wp:featuredmedia":[{"embeddable":true,"href":"https:\/\/casamuuk.com\/en\/wp-json\/wp\/v2\/media\/124"}],"wp:attachment":[{"href":"https:\/\/casamuuk.com\/en\/wp-json\/wp\/v2\/media?parent=173"}],"wp:term":[{"taxonomy":"product_cat","embeddable":true,"href":"https:\/\/casamuuk.com\/en\/wp-json\/wp\/v2\/product_cat?post=173"},{"taxonomy":"product_tag","embeddable":true,"href":"https:\/\/casamuuk.com\/en\/wp-json\/wp\/v2\/product_tag?post=173"}],"curies":[{"name":"wp","href":"https:\/\/api.w.org\/{rel}","templated":true}]}}