{"id":7,"date":"2024-09-30T04:39:50","date_gmt":"2024-09-30T04:39:50","guid":{"rendered":"https:\/\/casamuuk.com\/index.php\/cart\/"},"modified":"2024-11-01T23:01:45","modified_gmt":"2024-11-01T23:01:45","slug":"cart","status":"publish","type":"page","link":"https:\/\/casamuuk.com\/en\/cart\/","title":{"rendered":"Cart"},"content":{"rendered":"<div data-elementor-type=\"wp-page\" data-elementor-id=\"7\" class=\"elementor elementor-7\" data-elementor-post-type=\"page\">\n\t\t\t\t<div class=\"elementor-element elementor-element-64cc44eb e-flex e-con-boxed e-con e-parent\" data-id=\"64cc44eb\" data-element_type=\"container\" data-settings=\"{&quot;_ha_eqh_enable&quot;:false}\">\n\t\t\t\t\t<div class=\"e-con-inner\">\n\t\t\t\t<div class=\"elementor-element elementor-element-2b44b8c elementor-widget elementor-widget-eael-woo-cart\" data-id=\"2b44b8c\" data-element_type=\"widget\" data-settings=\"{&quot;eael_woo_cart_components_continue_shopping_icon&quot;:{&quot;value&quot;:&quot;fas fa-chevron-left&quot;,&quot;library&quot;:&quot;fa-solid&quot;}}\" data-widget_type=\"eael-woo-cart.default\">\n\t\t\t\t<div class=\"elementor-widget-container\">\n\t\t\t\t\t\t\t<div class=\"eael-woo-cart-wrapper eael-woo-cart-empty eael-woo-default eael-auto-update33\">\n\t\t\t\t<div class=\"woocommerce-notices-wrapper\"><\/div><div class=\"wc-empty-cart-message\">\n\t<div class=\"wc-block-components-notice-banner is-info\" role=\"alert\">\n\t\t<svg xmlns=\"http:\/\/www.w3.org\/2000\/svg\" viewbox=\"0 0 24 24\" width=\"24\" height=\"24\" aria-hidden=\"true\" focusable=\"false\">\n\t\t\t<path d=\"M12 3.2c-4.8 0-8.8 3.9-8.8 8.8 0 4.8 3.9 8.8 8.8 8.8 4.8 0 8.8-3.9 8.8-8.8 0-4.8-4-8.8-8.8-8.8zm0 16c-4 0-7.2-3.3-7.2-7.2C4.8 8 8 4.8 12 4.8s7.2 3.3 7.2 7.2c0 4-3.2 7.2-7.2 7.2zM11 17h2v-6h-2v6zm0-8h2V7h-2v2z\"><\/path>\n\t\t<\/svg>\n\t\t<div class=\"wc-block-components-notice-banner__content\">\n\t\t\tEn este momento tu carrito est\u00e1 vac\u00edo.\t\t<\/div>\n\t<\/div>\n<\/div>\t<p class=\"return-to-shop\">\n\t\t<a class=\"button wc-backward wp-element-button\" href=\"https:\/\/casamuuk.com\/en\/shop\/\">\n\t\t\tReturn to shop\t\t<\/a>\n\t<\/p>\n                <\/div>\n\t\t\t\t        <script>document.body.classList.add(\"eael-woo-cart\");<\/script>\n\t\t\t\t<\/div>\n\t\t\t\t<\/div>\n\t\t\t\t\t<\/div>\n\t\t\t\t<\/div>\n\t\t<div class=\"elementor-element elementor-element-53ba358 e-flex e-con-boxed e-con e-parent\" data-id=\"53ba358\" data-element_type=\"container\" data-settings=\"{&quot;_ha_eqh_enable&quot;:false}\">\n\t\t\t\t\t<div class=\"e-con-inner\">\n\t\t\t\t\t<\/div>\n\t\t\t\t<\/div>\n\t\t\t\t<\/div>","protected":false},"excerpt":{"rendered":"<p>Producto Precio Cantidad Total Tobal\u00e1 Silvestre &#8211; Luchador en Botella de Cristal Mezcal Ensamble &#36;2,200.00 Tobal\u00e1 Silvestre &#8211; Luchador en Botella de Cristal Mezcal Ensamble cantidad &#36;2,200.00 Luchador Edici\u00f3n Plata &#8211; Tequila Cristalino Doble Destilado &#36;3,900.00 Luchador Edici\u00f3n Plata &#8211; Tequila Cristalino Doble Destilado cantidad &#36;3,900.00 Cup\u00f3n: Aplicar cup\u00f3n Seguir comprando Actualizar carrito Subtotal &#36;6,100.00 [&hellip;]<\/p>","protected":false},"author":1,"featured_media":0,"parent":0,"menu_order":0,"comment_status":"closed","ping_status":"closed","template":"elementor_header_footer","meta":{"jetpack_post_was_ever_published":false,"footnotes":""},"class_list":["post-7","page","type-page","status-publish","hentry"],"jetpack_sharing_enabled":true,"jetpack-related-posts":[],"_links":{"self":[{"href":"https:\/\/casamuuk.com\/en\/wp-json\/wp\/v2\/pages\/7"}],"collection":[{"href":"https:\/\/casamuuk.com\/en\/wp-json\/wp\/v2\/pages"}],"about":[{"href":"https:\/\/casamuuk.com\/en\/wp-json\/wp\/v2\/types\/page"}],"author":[{"embeddable":true,"href":"https:\/\/casamuuk.com\/en\/wp-json\/wp\/v2\/users\/1"}],"replies":[{"embeddable":true,"href":"https:\/\/casamuuk.com\/en\/wp-json\/wp\/v2\/comments?post=7"}],"version-history":[{"count":9,"href":"https:\/\/casamuuk.com\/en\/wp-json\/wp\/v2\/pages\/7\/revisions"}],"predecessor-version":[{"id":219,"href":"https:\/\/casamuuk.com\/en\/wp-json\/wp\/v2\/pages\/7\/revisions\/219"}],"wp:attachment":[{"href":"https:\/\/casamuuk.com\/en\/wp-json\/wp\/v2\/media?parent=7"}],"curies":[{"name":"wp","href":"https:\/\/api.w.org\/{rel}","templated":true}]}}